{"id":221,"date":"2025-11-14T20:53:19","date_gmt":"2025-11-14T20:53:19","guid":{"rendered":"https:\/\/giovanniriccinovara.com\/?page_id=221"},"modified":"2025-11-16T21:44:14","modified_gmt":"2025-11-16T21:44:14","slug":"biographie","status":"publish","type":"page","link":"https:\/\/giovanniriccinovara.com\/index.php\/biographie\/","title":{"rendered":"Biographie"},"content":{"rendered":"\t\t<div data-elementor-type=\"wp-page\" data-elementor-id=\"221\" class=\"elementor elementor-221\">\n\t\t\t\t<div class=\"elementor-element elementor-element-31d1c2d e-flex e-con-boxed e-con e-parent\" data-id=\"31d1c2d\" data-element_type=\"container\" data-e-type=\"container\">\n\t\t\t\t\t<div class=\"e-con-inner\">\n\t\t\t\t<div class=\"elementor-element elementor-element-70057c8 elementor-widget elementor-widget-spacer\" data-id=\"70057c8\" data-element_type=\"widget\" data-e-type=\"widget\" data-widget_type=\"spacer.default\">\n\t\t\t\t\t\t\t<div class=\"elementor-spacer\">\n\t\t\t<div class=\"elementor-spacer-inner\"><\/div>\n\t\t<\/div>\n\t\t\t\t\t\t<\/div>\n\t\t\t\t\t<\/div>\n\t\t\t\t<\/div>\n\t\t<div class=\"elementor-element elementor-element-3e026a9 e-flex e-con-boxed e-con e-parent\" data-id=\"3e026a9\" data-element_type=\"container\" data-e-type=\"container\">\n\t\t\t\t\t<div class=\"e-con-inner\">\n\t\t\t\t<div class=\"elementor-element elementor-element-a4a9987 elementor-widget-divider--view-line elementor-widget elementor-widget-divider\" data-id=\"a4a9987\" data-element_type=\"widget\" data-e-type=\"widget\" data-widget_type=\"divider.default\">\n\t\t\t\t\t\t\t<div class=\"elementor-divider\">\n\t\t\t<span class=\"elementor-divider-separator\">\n\t\t\t\t\t\t<\/span>\n\t\t<\/div>\n\t\t\t\t\t\t<\/div>\n\t\t\t\t\t<\/div>\n\t\t\t\t<\/div>\n\t\t<div class=\"elementor-element elementor-element-72e226f e-flex e-con-boxed e-con e-parent\" data-id=\"72e226f\" data-element_type=\"container\" data-e-type=\"container\">\n\t\t\t\t\t<div class=\"e-con-inner\">\n\t\t\t\t<div class=\"elementor-element elementor-element-e5e7489 elementor-widget elementor-widget-text-editor\" data-id=\"e5e7489\" data-element_type=\"widget\" data-e-type=\"widget\" data-widget_type=\"text-editor.default\">\n\t\t\t\t\t\t\t\t\t<p class=\"p1\">Tout au long de mon parcours professionnel, j\u2019ai eu la chance\u00a0<span style=\"font-style: inherit; font-weight: inherit;\">de photographier les chefs-d\u2019oeuvre de l\u2019art classique occidental\u00a0<\/span><span style=\"font-style: inherit; font-weight: inherit;\">et du Moyen-Orient, dont diff\u00e9rents sites class\u00e9s au patrimoine\u00a0<\/span><span style=\"font-style: inherit; font-weight: inherit;\">mondial de l\u2019UNESCO.<\/span><\/p><p class=\"p1\"><span style=\"font-style: inherit; font-weight: inherit;\">Ainsi, gr\u00e2ce \u00e0 mes collaborations avec diverses maisons\u00a0<\/span><span style=\"font-style: inherit; font-weight: inherit;\">d\u2019\u00e9dition (Shogakukan, Franco Maria Ricci editore, Mondadori\u00a0<\/span><span style=\"font-style: inherit; font-weight: inherit;\">Electa, Treccani, \u00c9ditions Hazan) <br \/>mes photographies ont \u00e9t\u00e9\u00a0<\/span><span style=\"font-style: inherit; font-weight: inherit;\">publi\u00e9es dans de nombreux pays.<\/span><\/p><p class=\"p1\">\u00c0 partir de 2003, j\u2019ai entam\u00e9 une longue et \u00e9troite\u00a0<span style=\"font-style: inherit; font-weight: inherit;\">collaboration avec la Pr\u00e9sidence de la R\u00e9publique italienne,\u00a0<\/span><span style=\"font-style: inherit; font-weight: inherit;\">ce qui m\u2019a amen\u00e9 \u00e0 conduire de nombreuses campagnes\u00a0<\/span><span style=\"font-style: inherit; font-weight: inherit;\">photographiques. Celles-ci ont \u00e9t\u00e9 valoris\u00e9es \u00e0 la fois dans des\u00a0<\/span><span style=\"font-style: inherit; font-weight: inherit;\">ouvrages et des expositions centr\u00e9s sur le patrimoine artistique\u00a0<\/span><span style=\"font-style: inherit; font-weight: inherit;\">du Quirinal.<\/span><\/p><p class=\"p1\">En m\u00eame temps, j\u2019ai poursuivi mes collaborations avec\u00a0<span style=\"font-style: inherit; font-weight: inherit;\">d\u2019autres institutions mus\u00e9ales et culturelles, dont les mus\u00e9es\u00a0<\/span><span style=\"font-style: inherit; font-weight: inherit;\">du Vatican pour lesquels j\u2019ai, entre autres, r\u00e9alis\u00e9 en 2006\u00a0<\/span><span style=\"font-style: inherit; font-weight: inherit;\">le catalogue de l\u2019exposition c\u00e9l\u00e9brant le cinqui\u00e8me centenaire\u00a0<\/span><span style=\"font-style: inherit; font-weight: inherit;\">de la d\u00e9couverte du groupe en marbre du Laocoon.<\/span><\/p>\t\t\t\t\t\t\t\t<\/div>\n\t\t\t\t\t<\/div>\n\t\t\t\t<\/div>\n\t\t<div class=\"elementor-element elementor-element-d06739a e-flex e-con-boxed e-con e-parent\" data-id=\"d06739a\" data-element_type=\"container\" data-e-type=\"container\">\n\t\t\t\t\t<div class=\"e-con-inner\">\n\t\t\t\t<div class=\"elementor-element elementor-element-12f460b elementor-widget-divider--view-line elementor-widget elementor-widget-divider\" data-id=\"12f460b\" data-element_type=\"widget\" data-e-type=\"widget\" data-widget_type=\"divider.default\">\n\t\t\t\t\t\t\t<div class=\"elementor-divider\">\n\t\t\t<span class=\"elementor-divider-separator\">\n\t\t\t\t\t\t<\/span>\n\t\t<\/div>\n\t\t\t\t\t\t<\/div>\n\t\t\t\t\t<\/div>\n\t\t\t\t<\/div>\n\t\t\t\t<\/div>\n\t\t","protected":false},"excerpt":{"rendered":"<p>Tout au long de mon parcours professionnel, j\u2019ai eu la chance\u00a0de photographier les chefs-d\u2019oeuvre de l\u2019art classique occidental\u00a0et du Moyen-Orient, [&hellip;]<\/p>\n","protected":false},"author":1,"featured_media":0,"parent":0,"menu_order":0,"comment_status":"closed","ping_status":"closed","template":"","meta":{"site-sidebar-layout":"no-sidebar","site-content-layout":"","ast-site-content-layout":"full-width-container","site-content-style":"default","site-sidebar-style":"default","ast-global-header-display":"","ast-banner-title-visibility":"","ast-main-header-display":"","ast-hfb-above-header-display":"","ast-hfb-below-header-display":"","ast-hfb-mobile-header-display":"","site-post-title":"","ast-breadcrumbs-content":"","ast-featured-img":"disabled","footer-sml-layout":"","theme-transparent-header-meta":"","adv-header-id-meta":"","stick-header-meta":"","header-above-stick-meta":"","header-main-stick-meta":"","header-below-stick-meta":"","astra-migrate-meta-layouts":"default","ast-page-background-enabled":"default","ast-page-background-meta":{"desktop":{"background-color":"var(--ast-global-color-5)","background-image":"","background-repeat":"repeat","background-position":"center center","background-size":"auto","background-attachment":"scroll","background-type":"","background-media":"","overlay-type":"","overlay-color":"","overlay-opacity":"","overlay-gradient":""},"tablet":{"background-color":"","background-image":"","background-repeat":"repeat","background-position":"center center","background-size":"auto","background-attachment":"scroll","background-type":"","background-media":"","overlay-type":"","overlay-color":"","overlay-opacity":"","overlay-gradient":""},"mobile":{"background-color":"","background-image":"","background-repeat":"repeat","background-position":"center center","background-size":"auto","background-attachment":"scroll","background-type":"","background-media":"","overlay-type":"","overlay-color":"","overlay-opacity":"","overlay-gradient":""}},"ast-content-background-meta":{"desktop":{"background-color":"var(--ast-global-color-4)","background-image":"","background-repeat":"repeat","background-position":"center center","background-size":"auto","background-attachment":"scroll","background-type":"","background-media":"","overlay-type":"","overlay-color":"","overlay-opacity":"","overlay-gradient":""},"tablet":{"background-color":"var(--ast-global-color-4)","background-image":"","background-repeat":"repeat","background-position":"center center","background-size":"auto","background-attachment":"scroll","background-type":"","background-media":"","overlay-type":"","overlay-color":"","overlay-opacity":"","overlay-gradient":""},"mobile":{"background-color":"var(--ast-global-color-4)","background-image":"","background-repeat":"repeat","background-position":"center center","background-size":"auto","background-attachment":"scroll","background-type":"","background-media":"","overlay-type":"","overlay-color":"","overlay-opacity":"","overlay-gradient":""}},"footnotes":""},"class_list":["post-221","page","type-page","status-publish","hentry"],"_links":{"self":[{"href":"https:\/\/giovanniriccinovara.com\/index.php\/wp-json\/wp\/v2\/pages\/221","targetHints":{"allow":["GET"]}}],"collection":[{"href":"https:\/\/giovanniriccinovara.com\/index.php\/wp-json\/wp\/v2\/pages"}],"about":[{"href":"https:\/\/giovanniriccinovara.com\/index.php\/wp-json\/wp\/v2\/types\/page"}],"author":[{"embeddable":true,"href":"https:\/\/giovanniriccinovara.com\/index.php\/wp-json\/wp\/v2\/users\/1"}],"replies":[{"embeddable":true,"href":"https:\/\/giovanniriccinovara.com\/index.php\/wp-json\/wp\/v2\/comments?post=221"}],"version-history":[{"count":28,"href":"https:\/\/giovanniriccinovara.com\/index.php\/wp-json\/wp\/v2\/pages\/221\/revisions"}],"predecessor-version":[{"id":510,"href":"https:\/\/giovanniriccinovara.com\/index.php\/wp-json\/wp\/v2\/pages\/221\/revisions\/510"}],"wp:attachment":[{"href":"https:\/\/giovanniriccinovara.com\/index.php\/wp-json\/wp\/v2\/media?parent=221"}],"curies":[{"name":"wp","href":"https:\/\/api.w.org\/{rel}","templated":true}]}}